{"id":721,"date":"2023-06-13T17:15:31","date_gmt":"2023-06-13T15:15:31","guid":{"rendered":"https:\/\/ledreau.fr\/?page_id=721"},"modified":"2025-10-17T17:04:48","modified_gmt":"2025-10-17T15:04:48","slug":"contactez-nous","status":"publish","type":"page","link":"https:\/\/ledreau.fr\/?page_id=721","title":{"rendered":"Contact \u2013 Cabinet d\u2019avocat en droit des affaires \u00e0 Al\u00e8s"},"content":{"rendered":"\t\t<div data-elementor-type=\"wp-page\" data-elementor-id=\"721\" class=\"elementor elementor-721\" data-elementor-post-type=\"page\">\n\t\t\t\t\t\t<section class=\"elementor-section elementor-top-section elementor-element elementor-element-1f7de8c elementor-section-boxed elementor-section-height-default elementor-section-height-default\" data-id=\"1f7de8c\" data-element_type=\"section\" data-e-type=\"section\" data-settings=\"{&quot;background_background&quot;:&quot;classic&quot;}\">\n\t\t\t\t\t\t<div class=\"elementor-container elementor-column-gap-default\">\n\t\t\t\t\t<div class=\"elementor-column elementor-col-100 elementor-top-column elementor-element elementor-element-b5a3a6a\" data-id=\"b5a3a6a\" data-element_type=\"column\" data-e-type=\"column\">\n\t\t\t<div class=\"elementor-widget-wrap elementor-element-populated\">\n\t\t\t\t\t\t<div class=\"elementor-element elementor-element-0ef3fef elementor-widget elementor-widget-spacer\" data-id=\"0ef3fef\" data-element_type=\"widget\" data-e-type=\"widget\" data-widget_type=\"spacer.default\">\n\t\t\t\t<div class=\"elementor-widget-container\">\n\t\t\t\t\t\t\t<div class=\"elementor-spacer\">\n\t\t\t<div class=\"elementor-spacer-inner\"><\/div>\n\t\t<\/div>\n\t\t\t\t\t\t<\/div>\n\t\t\t\t<\/div>\n\t\t\t\t<div class=\"elementor-element elementor-element-6f25635b elementor-widget elementor-widget-heading\" data-id=\"6f25635b\" data-element_type=\"widget\" data-e-type=\"widget\" data-widget_type=\"heading.default\">\n\t\t\t\t<div class=\"elementor-widget-container\">\n\t\t\t\t\t<h2 class=\"elementor-heading-title elementor-size-default\">Contactez-nous<\/h2>\t\t\t\t<\/div>\n\t\t\t\t<\/div>\n\t\t\t\t<div class=\"elementor-element elementor-element-b875917 elementor-widget elementor-widget-heading\" data-id=\"b875917\" data-element_type=\"widget\" data-e-type=\"widget\" data-widget_type=\"heading.default\">\n\t\t\t\t<div class=\"elementor-widget-container\">\n\t\t\t\t\t<h3 class=\"elementor-heading-title elementor-size-default\">Vous souhaitez plus d'informations et nous rencontrer ?<\/h3>\t\t\t\t<\/div>\n\t\t\t\t<\/div>\n\t\t\t\t<div class=\"elementor-element elementor-element-c88b108 elementor-widget elementor-widget-heading\" data-id=\"c88b108\" data-element_type=\"widget\" data-e-type=\"widget\" data-widget_type=\"heading.default\">\n\t\t\t\t<div class=\"elementor-widget-container\">\n\t\t\t\t\t<h3 class=\"elementor-heading-title elementor-size-default\">Vous avez besoin d'un conseil ou d'\u00eatre d\u00e9fendu ?<\/h3>\t\t\t\t<\/div>\n\t\t\t\t<\/div>\n\t\t\t\t<div class=\"elementor-element elementor-element-5173ab6 elementor-widget elementor-widget-spacer\" data-id=\"5173ab6\" data-element_type=\"widget\" data-e-type=\"widget\" data-widget_type=\"spacer.default\">\n\t\t\t\t<div class=\"elementor-widget-container\">\n\t\t\t\t\t\t\t<div class=\"elementor-spacer\">\n\t\t\t<div class=\"elementor-spacer-inner\"><\/div>\n\t\t<\/div>\n\t\t\t\t\t\t<\/div>\n\t\t\t\t<\/div>\n\t\t\t\t\t<\/div>\n\t\t<\/div>\n\t\t\t\t\t<\/div>\n\t\t<\/section>\n\t\t\t\t<section class=\"elementor-section elementor-top-section elementor-element elementor-element-cdef77d elementor-section-boxed elementor-section-height-default elementor-section-height-default\" data-id=\"cdef77d\" data-element_type=\"section\" data-e-type=\"section\">\n\t\t\t\t\t\t<div class=\"elementor-container elementor-column-gap-default\">\n\t\t\t\t\t<div class=\"elementor-column elementor-col-100 elementor-top-column elementor-element elementor-element-1b3ae30\" data-id=\"1b3ae30\" data-element_type=\"column\" data-e-type=\"column\">\n\t\t\t<div class=\"elementor-widget-wrap elementor-element-populated\">\n\t\t\t\t\t\t<div class=\"elementor-element elementor-element-37cebdf elementor-widget elementor-widget-heading\" data-id=\"37cebdf\" data-element_type=\"widget\" data-e-type=\"widget\" data-widget_type=\"heading.default\">\n\t\t\t\t<div class=\"elementor-widget-container\">\n\t\t\t\t\t<h2 class=\"elementor-heading-title elementor-size-default\">Nos coordonn\u00e9es<\/h2>\t\t\t\t<\/div>\n\t\t\t\t<\/div>\n\t\t\t\t<div class=\"elementor-element elementor-element-1a5eaf27 elementor-widget elementor-widget-text-editor\" data-id=\"1a5eaf27\" data-element_type=\"widget\" data-e-type=\"widget\" data-widget_type=\"text-editor.default\">\n\t\t\t\t<div class=\"elementor-widget-container\">\n\t\t\t\t\t\t\t\t\t<p>Nous r\u00e9pondons aux mails sous 48 heures sauf en cas d&rsquo;urgence.<\/p>\t\t\t\t\t\t\t\t<\/div>\n\t\t\t\t<\/div>\n\t\t\t\t<section class=\"elementor-section elementor-inner-section elementor-element elementor-element-01fdabc elementor-section-boxed elementor-section-height-default elementor-section-height-default\" data-id=\"01fdabc\" data-element_type=\"section\" data-e-type=\"section\">\n\t\t\t\t\t\t<div class=\"elementor-container elementor-column-gap-default\">\n\t\t\t\t\t<div class=\"elementor-column elementor-col-50 elementor-inner-column elementor-element elementor-element-b3d1968\" data-id=\"b3d1968\" data-element_type=\"column\" data-e-type=\"column\">\n\t\t\t<div class=\"elementor-widget-wrap elementor-element-populated\">\n\t\t\t\t\t\t<div class=\"elementor-element elementor-element-b0bfffc elementor-widget elementor-widget-image\" data-id=\"b0bfffc\" data-element_type=\"widget\" data-e-type=\"widget\" data-widget_type=\"image.default\">\n\t\t\t\t<div class=\"elementor-widget-container\">\n\t\t\t\t\t\t\t\t\t\t\t\t\t\t\t\t<a href=\"tel:0448150343\">\n\t\t\t\t\t\t\t<img fetchpriority=\"high\" decoding=\"async\" width=\"518\" height=\"422\" src=\"https:\/\/ledreau.fr\/wp-content\/uploads\/2025\/10\/Capture-decran-2025-10-03-163323.png\" class=\"attachment-large size-large wp-image-1361\" alt=\"contacter le cabinet Le Dreau par t\u00e9l\u00e9phone\" srcset=\"https:\/\/ledreau.fr\/wp-content\/uploads\/2025\/10\/Capture-decran-2025-10-03-163323.png 518w, https:\/\/ledreau.fr\/wp-content\/uploads\/2025\/10\/Capture-decran-2025-10-03-163323-300x244.png 300w\" sizes=\"(max-width: 518px) 100vw, 518px\" \/>\t\t\t\t\t\t\t\t<\/a>\n\t\t\t\t\t\t\t\t\t\t\t\t\t\t\t<\/div>\n\t\t\t\t<\/div>\n\t\t\t\t\t<\/div>\n\t\t<\/div>\n\t\t\t\t<div class=\"elementor-column elementor-col-50 elementor-inner-column elementor-element elementor-element-22e4733\" data-id=\"22e4733\" data-element_type=\"column\" data-e-type=\"column\">\n\t\t\t<div class=\"elementor-widget-wrap elementor-element-populated\">\n\t\t\t\t\t\t<div class=\"elementor-element elementor-element-dafc897 elementor-widget elementor-widget-image\" data-id=\"dafc897\" data-element_type=\"widget\" data-e-type=\"widget\" data-widget_type=\"image.default\">\n\t\t\t\t<div class=\"elementor-widget-container\">\n\t\t\t\t\t\t\t\t\t\t\t\t\t\t\t\t<a href=\"mailto:gabrielle@ledreau.fr\">\n\t\t\t\t\t\t\t<img decoding=\"async\" width=\"580\" height=\"421\" src=\"https:\/\/ledreau.fr\/wp-content\/uploads\/2025\/10\/Capture-decran-2025-10-03-163317.png\" class=\"attachment-large size-large wp-image-1362\" alt=\"contacter le cabinet Le Dreau par Mail\" srcset=\"https:\/\/ledreau.fr\/wp-content\/uploads\/2025\/10\/Capture-decran-2025-10-03-163317.png 606w, https:\/\/ledreau.fr\/wp-content\/uploads\/2025\/10\/Capture-decran-2025-10-03-163317-300x218.png 300w\" sizes=\"(max-width: 580px) 100vw, 580px\" \/>\t\t\t\t\t\t\t\t<\/a>\n\t\t\t\t\t\t\t\t\t\t\t\t\t\t\t<\/div>\n\t\t\t\t<\/div>\n\t\t\t\t\t<\/div>\n\t\t<\/div>\n\t\t\t\t\t<\/div>\n\t\t<\/section>\n\t\t\t\t\t<\/div>\n\t\t<\/div>\n\t\t\t\t\t<\/div>\n\t\t<\/section>\n\t\t\t\t<section class=\"elementor-section elementor-top-section elementor-element elementor-element-d0d2e66 elementor-section-full_width elementor-section-height-default elementor-section-height-default\" data-id=\"d0d2e66\" data-element_type=\"section\" data-e-type=\"section\" data-settings=\"{&quot;background_background&quot;:&quot;classic&quot;}\">\n\t\t\t\t\t\t<div class=\"elementor-container elementor-column-gap-default\">\n\t\t\t\t\t<div class=\"elementor-column elementor-col-100 elementor-top-column elementor-element elementor-element-56b66b3\" data-id=\"56b66b3\" data-element_type=\"column\" data-e-type=\"column\">\n\t\t\t<div class=\"elementor-widget-wrap elementor-element-populated\">\n\t\t\t\t\t\t<div class=\"elementor-element elementor-element-89bd1ac elementor-widget elementor-widget-heading\" data-id=\"89bd1ac\" data-element_type=\"widget\" data-e-type=\"widget\" data-widget_type=\"heading.default\">\n\t\t\t\t<div class=\"elementor-widget-container\">\n\t\t\t\t\t<h2 class=\"elementor-heading-title elementor-size-default\">Le Cabinet<\/h2>\t\t\t\t<\/div>\n\t\t\t\t<\/div>\n\t\t\t\t<div class=\"elementor-element elementor-element-f610344 elementor-widget elementor-widget-text-editor\" data-id=\"f610344\" data-element_type=\"widget\" data-e-type=\"widget\" data-widget_type=\"text-editor.default\">\n\t\t\t\t<div class=\"elementor-widget-container\">\n\t\t\t\t\t\t\t\t\t<p>Nous vous recevons sur rendez-vous au cabinet du lundi au vendredi, de 9h \u00e0 17h.<\/p>\t\t\t\t\t\t\t\t<\/div>\n\t\t\t\t<\/div>\n\t\t\t\t<div class=\"elementor-element elementor-element-66e2594 elementor-widget elementor-widget-heading\" data-id=\"66e2594\" data-element_type=\"widget\" data-e-type=\"widget\" data-widget_type=\"heading.default\">\n\t\t\t\t<div class=\"elementor-widget-container\">\n\t\t\t\t\t<h2 class=\"elementor-heading-title elementor-size-default\"><a href=\"https:\/\/maps.app.goo.gl\/Ds91zqhhSmsec7ji9\">\ud83d\udea9 54 Boulevard Gambetta, 30100 Al\u00e8s <\/a><\/h2>\t\t\t\t<\/div>\n\t\t\t\t<\/div>\n\t\t\t\t<div class=\"elementor-element elementor-element-8c015bf elementor-align-center elementor-widget elementor-widget-button\" data-id=\"8c015bf\" data-element_type=\"widget\" data-e-type=\"widget\" data-widget_type=\"button.default\">\n\t\t\t\t<div class=\"elementor-widget-container\">\n\t\t\t\t\t\t\t\t\t<div class=\"elementor-button-wrapper\">\n\t\t\t\t\t<a class=\"elementor-button elementor-button-link elementor-size-sm\" href=\"https:\/\/www.google.com\/maps\/place\/\/data=!4m2!3m1!1s0x12b4437db5b0fce9:0xcf8aa52cb342e494?sa=X&#038;ved=1t:8290&#038;ictx=111\">\n\t\t\t\t\t\t<span class=\"elementor-button-content-wrapper\">\n\t\t\t\t\t\t\t\t\t<span class=\"elementor-button-text\">Se rendre au cabinet<\/span>\n\t\t\t\t\t<\/span>\n\t\t\t\t\t<\/a>\n\t\t\t\t<\/div>\n\t\t\t\t\t\t\t\t<\/div>\n\t\t\t\t<\/div>\n\t\t\t\t<div class=\"elementor-element elementor-element-4207723 elementor-widget elementor-widget-google_maps\" data-id=\"4207723\" data-element_type=\"widget\" data-e-type=\"widget\" data-widget_type=\"google_maps.default\">\n\t\t\t\t<div class=\"elementor-widget-container\">\n\t\t\t\t\t\t\t<div class=\"elementor-custom-embed\">\n\t\t\t<iframe loading=\"lazy\"\n\t\t\t\t\tsrc=\"https:\/\/maps.google.com\/maps?q=Gabrielle%20le%20dreau&#038;t=m&#038;z=15&#038;output=embed&#038;iwloc=near\"\n\t\t\t\t\ttitle=\"Gabrielle le dreau\"\n\t\t\t\t\taria-label=\"Gabrielle le dreau\"\n\t\t\t><\/iframe>\n\t\t<\/div>\n\t\t\t\t\t\t<\/div>\n\t\t\t\t<\/div>\n\t\t\t\t\t<\/div>\n\t\t<\/div>\n\t\t\t\t\t<\/div>\n\t\t<\/section>\n\t\t\t\t<\/div>\n\t\t","protected":false},"excerpt":{"rendered":"<p>Contactez-nous Vous souhaitez plus d&rsquo;informations et nous rencontrer ? Vous avez besoin d&rsquo;un conseil ou d&rsquo;\u00eatre d\u00e9fendu ? Nos coordonn\u00e9es Nous r\u00e9pondons aux mails sous 48 heures sauf en cas d&rsquo;urgence. Le Cabinet Nous vous recevons sur rendez-vous au cabinet du lundi au vendredi, de 9h \u00e0 17h. \ud83d\udea9 54 Boulevard Gambetta, 30100 Al\u00e8s Se [&hellip;]<\/p>\n","protected":false},"author":1,"featured_media":167,"parent":0,"menu_order":0,"comment_status":"closed","ping_status":"closed","template":"elementor_header_footer","meta":{"iawp_total_views":68,"footnotes":""},"class_list":["post-721","page","type-page","status-publish","has-post-thumbnail","hentry"],"yoast_head":"<!-- This site is optimized with the Yoast SEO plugin v27.4 - https:\/\/yoast.com\/product\/yoast-seo-wordpress\/ -->\n<title>Contact \u2013 Cabinet d\u2019avocat en droit des affaires \u00e0 Al\u00e8s<\/title>\n<meta name=\"description\" content=\"Contactez Ma\u00eetre Gabrielle Le Dr\u00e9au, avocate en droit des affaires \u00e0 Al\u00e8s, pour accompagner dirigeants et entreprises du Gard avec rigueur et engagement.\" \/>\n<meta name=\"robots\" content=\"index, follow, max-snippet:-1, max-image-preview:large, max-video-preview:-1\" \/>\n<link rel=\"canonical\" href=\"https:\/\/ledreau.fr\/?page_id=721\" \/>\n<meta property=\"og:locale\" content=\"fr_FR\" \/>\n<meta property=\"og:type\" content=\"article\" \/>\n<meta property=\"og:title\" content=\"Contact \u2013 Cabinet d\u2019avocat en droit des affaires \u00e0 Al\u00e8s\" \/>\n<meta property=\"og:description\" content=\"Contactez Ma\u00eetre Gabrielle Le Dr\u00e9au, avocate en droit des affaires \u00e0 Al\u00e8s, pour accompagner dirigeants et entreprises du Gard avec rigueur et engagement.\" \/>\n<meta property=\"og:url\" content=\"https:\/\/ledreau.fr\/?page_id=721\" \/>\n<meta property=\"og:site_name\" content=\"Gabrielle Le Dr\u00e9au, avocate\" \/>\n<meta property=\"article:modified_time\" content=\"2025-10-17T15:04:48+00:00\" \/>\n<meta property=\"og:image\" content=\"https:\/\/ledreau.fr\/wp-content\/uploads\/2023\/06\/Decoration-bureau-avocate-31.jpg\" \/>\n\t<meta property=\"og:image:width\" content=\"1360\" \/>\n\t<meta property=\"og:image:height\" content=\"2048\" \/>\n\t<meta property=\"og:image:type\" content=\"image\/jpeg\" \/>\n<meta name=\"twitter:card\" content=\"summary_large_image\" \/>\n<meta name=\"twitter:label1\" content=\"Dur\u00e9e de lecture estim\u00e9e\" \/>\n\t<meta name=\"twitter:data1\" content=\"1 minute\" \/>\n<script type=\"application\/ld+json\" class=\"yoast-schema-graph\">{\"@context\":\"https:\\\/\\\/schema.org\",\"@graph\":[{\"@type\":\"WebPage\",\"@id\":\"https:\\\/\\\/ledreau.fr\\\/?page_id=721\",\"url\":\"https:\\\/\\\/ledreau.fr\\\/?page_id=721\",\"name\":\"Contact \u2013 Cabinet d\u2019avocat en droit des affaires \u00e0 Al\u00e8s\",\"isPartOf\":{\"@id\":\"https:\\\/\\\/ledreau.fr\\\/#website\"},\"primaryImageOfPage\":{\"@id\":\"https:\\\/\\\/ledreau.fr\\\/?page_id=721#primaryimage\"},\"image\":{\"@id\":\"https:\\\/\\\/ledreau.fr\\\/?page_id=721#primaryimage\"},\"thumbnailUrl\":\"https:\\\/\\\/ledreau.fr\\\/wp-content\\\/uploads\\\/2023\\\/06\\\/Decoration-bureau-avocate-31.jpg\",\"datePublished\":\"2023-06-13T15:15:31+00:00\",\"dateModified\":\"2025-10-17T15:04:48+00:00\",\"description\":\"Contactez Ma\u00eetre Gabrielle Le Dr\u00e9au, avocate en droit des affaires \u00e0 Al\u00e8s, pour accompagner dirigeants et entreprises du Gard avec rigueur et engagement.\",\"breadcrumb\":{\"@id\":\"https:\\\/\\\/ledreau.fr\\\/?page_id=721#breadcrumb\"},\"inLanguage\":\"fr-FR\",\"potentialAction\":[{\"@type\":\"ReadAction\",\"target\":[\"https:\\\/\\\/ledreau.fr\\\/?page_id=721\"]}]},{\"@type\":\"ImageObject\",\"inLanguage\":\"fr-FR\",\"@id\":\"https:\\\/\\\/ledreau.fr\\\/?page_id=721#primaryimage\",\"url\":\"https:\\\/\\\/ledreau.fr\\\/wp-content\\\/uploads\\\/2023\\\/06\\\/Decoration-bureau-avocate-31.jpg\",\"contentUrl\":\"https:\\\/\\\/ledreau.fr\\\/wp-content\\\/uploads\\\/2023\\\/06\\\/Decoration-bureau-avocate-31.jpg\",\"width\":1360,\"height\":2048},{\"@type\":\"BreadcrumbList\",\"@id\":\"https:\\\/\\\/ledreau.fr\\\/?page_id=721#breadcrumb\",\"itemListElement\":[{\"@type\":\"ListItem\",\"position\":1,\"name\":\"Accueil\",\"item\":\"https:\\\/\\\/ledreau.fr\\\/\"},{\"@type\":\"ListItem\",\"position\":2,\"name\":\"Contact \u2013 Cabinet d\u2019avocat en droit des affaires \u00e0 Al\u00e8s\"}]},{\"@type\":\"WebSite\",\"@id\":\"https:\\\/\\\/ledreau.fr\\\/#website\",\"url\":\"https:\\\/\\\/ledreau.fr\\\/\",\"name\":\"Gabrielle Le Dr\u00e9au, avocate\",\"description\":\"\",\"publisher\":{\"@id\":\"https:\\\/\\\/ledreau.fr\\\/#organization\"},\"potentialAction\":[{\"@type\":\"SearchAction\",\"target\":{\"@type\":\"EntryPoint\",\"urlTemplate\":\"https:\\\/\\\/ledreau.fr\\\/?s={search_term_string}\"},\"query-input\":{\"@type\":\"PropertyValueSpecification\",\"valueRequired\":true,\"valueName\":\"search_term_string\"}}],\"inLanguage\":\"fr-FR\"},{\"@type\":\"Organization\",\"@id\":\"https:\\\/\\\/ledreau.fr\\\/#organization\",\"name\":\"Gabrielle Le Dr\u00e9au, avocate\",\"url\":\"https:\\\/\\\/ledreau.fr\\\/\",\"logo\":{\"@type\":\"ImageObject\",\"inLanguage\":\"fr-FR\",\"@id\":\"https:\\\/\\\/ledreau.fr\\\/#\\\/schema\\\/logo\\\/image\\\/\",\"url\":\"https:\\\/\\\/ledreau.fr\\\/wp-content\\\/uploads\\\/2023\\\/06\\\/cropped-Gab-Logo-complet-1.png\",\"contentUrl\":\"https:\\\/\\\/ledreau.fr\\\/wp-content\\\/uploads\\\/2023\\\/06\\\/cropped-Gab-Logo-complet-1.png\",\"width\":1000,\"height\":520,\"caption\":\"Gabrielle Le Dr\u00e9au, avocate\"},\"image\":{\"@id\":\"https:\\\/\\\/ledreau.fr\\\/#\\\/schema\\\/logo\\\/image\\\/\"}}]}<\/script>\n<!-- \/ Yoast SEO plugin. -->","yoast_head_json":{"title":"Contact \u2013 Cabinet d\u2019avocat en droit des affaires \u00e0 Al\u00e8s","description":"Contactez Ma\u00eetre Gabrielle Le Dr\u00e9au, avocate en droit des affaires \u00e0 Al\u00e8s, pour accompagner dirigeants et entreprises du Gard avec rigueur et engagement.","robots":{"index":"index","follow":"follow","max-snippet":"max-snippet:-1","max-image-preview":"max-image-preview:large","max-video-preview":"max-video-preview:-1"},"canonical":"https:\/\/ledreau.fr\/?page_id=721","og_locale":"fr_FR","og_type":"article","og_title":"Contact \u2013 Cabinet d\u2019avocat en droit des affaires \u00e0 Al\u00e8s","og_description":"Contactez Ma\u00eetre Gabrielle Le Dr\u00e9au, avocate en droit des affaires \u00e0 Al\u00e8s, pour accompagner dirigeants et entreprises du Gard avec rigueur et engagement.","og_url":"https:\/\/ledreau.fr\/?page_id=721","og_site_name":"Gabrielle Le Dr\u00e9au, avocate","article_modified_time":"2025-10-17T15:04:48+00:00","og_image":[{"width":1360,"height":2048,"url":"https:\/\/ledreau.fr\/wp-content\/uploads\/2023\/06\/Decoration-bureau-avocate-31.jpg","type":"image\/jpeg"}],"twitter_card":"summary_large_image","twitter_misc":{"Dur\u00e9e de lecture estim\u00e9e":"1 minute"},"schema":{"@context":"https:\/\/schema.org","@graph":[{"@type":"WebPage","@id":"https:\/\/ledreau.fr\/?page_id=721","url":"https:\/\/ledreau.fr\/?page_id=721","name":"Contact \u2013 Cabinet d\u2019avocat en droit des affaires \u00e0 Al\u00e8s","isPartOf":{"@id":"https:\/\/ledreau.fr\/#website"},"primaryImageOfPage":{"@id":"https:\/\/ledreau.fr\/?page_id=721#primaryimage"},"image":{"@id":"https:\/\/ledreau.fr\/?page_id=721#primaryimage"},"thumbnailUrl":"https:\/\/ledreau.fr\/wp-content\/uploads\/2023\/06\/Decoration-bureau-avocate-31.jpg","datePublished":"2023-06-13T15:15:31+00:00","dateModified":"2025-10-17T15:04:48+00:00","description":"Contactez Ma\u00eetre Gabrielle Le Dr\u00e9au, avocate en droit des affaires \u00e0 Al\u00e8s, pour accompagner dirigeants et entreprises du Gard avec rigueur et engagement.","breadcrumb":{"@id":"https:\/\/ledreau.fr\/?page_id=721#breadcrumb"},"inLanguage":"fr-FR","potentialAction":[{"@type":"ReadAction","target":["https:\/\/ledreau.fr\/?page_id=721"]}]},{"@type":"ImageObject","inLanguage":"fr-FR","@id":"https:\/\/ledreau.fr\/?page_id=721#primaryimage","url":"https:\/\/ledreau.fr\/wp-content\/uploads\/2023\/06\/Decoration-bureau-avocate-31.jpg","contentUrl":"https:\/\/ledreau.fr\/wp-content\/uploads\/2023\/06\/Decoration-bureau-avocate-31.jpg","width":1360,"height":2048},{"@type":"BreadcrumbList","@id":"https:\/\/ledreau.fr\/?page_id=721#breadcrumb","itemListElement":[{"@type":"ListItem","position":1,"name":"Accueil","item":"https:\/\/ledreau.fr\/"},{"@type":"ListItem","position":2,"name":"Contact \u2013 Cabinet d\u2019avocat en droit des affaires \u00e0 Al\u00e8s"}]},{"@type":"WebSite","@id":"https:\/\/ledreau.fr\/#website","url":"https:\/\/ledreau.fr\/","name":"Gabrielle Le Dr\u00e9au, avocate","description":"","publisher":{"@id":"https:\/\/ledreau.fr\/#organization"},"potentialAction":[{"@type":"SearchAction","target":{"@type":"EntryPoint","urlTemplate":"https:\/\/ledreau.fr\/?s={search_term_string}"},"query-input":{"@type":"PropertyValueSpecification","valueRequired":true,"valueName":"search_term_string"}}],"inLanguage":"fr-FR"},{"@type":"Organization","@id":"https:\/\/ledreau.fr\/#organization","name":"Gabrielle Le Dr\u00e9au, avocate","url":"https:\/\/ledreau.fr\/","logo":{"@type":"ImageObject","inLanguage":"fr-FR","@id":"https:\/\/ledreau.fr\/#\/schema\/logo\/image\/","url":"https:\/\/ledreau.fr\/wp-content\/uploads\/2023\/06\/cropped-Gab-Logo-complet-1.png","contentUrl":"https:\/\/ledreau.fr\/wp-content\/uploads\/2023\/06\/cropped-Gab-Logo-complet-1.png","width":1000,"height":520,"caption":"Gabrielle Le Dr\u00e9au, avocate"},"image":{"@id":"https:\/\/ledreau.fr\/#\/schema\/logo\/image\/"}}]}},"_links":{"self":[{"href":"https:\/\/ledreau.fr\/index.php?rest_route=\/wp\/v2\/pages\/721","targetHints":{"allow":["GET"]}}],"collection":[{"href":"https:\/\/ledreau.fr\/index.php?rest_route=\/wp\/v2\/pages"}],"about":[{"href":"https:\/\/ledreau.fr\/index.php?rest_route=\/wp\/v2\/types\/page"}],"author":[{"embeddable":true,"href":"https:\/\/ledreau.fr\/index.php?rest_route=\/wp\/v2\/users\/1"}],"replies":[{"embeddable":true,"href":"https:\/\/ledreau.fr\/index.php?rest_route=%2Fwp%2Fv2%2Fcomments&post=721"}],"version-history":[{"count":33,"href":"https:\/\/ledreau.fr\/index.php?rest_route=\/wp\/v2\/pages\/721\/revisions"}],"predecessor-version":[{"id":1391,"href":"https:\/\/ledreau.fr\/index.php?rest_route=\/wp\/v2\/pages\/721\/revisions\/1391"}],"wp:featuredmedia":[{"embeddable":true,"href":"https:\/\/ledreau.fr\/index.php?rest_route=\/wp\/v2\/media\/167"}],"wp:attachment":[{"href":"https:\/\/ledreau.fr\/index.php?rest_route=%2Fwp%2Fv2%2Fmedia&parent=721"}],"curies":[{"name":"wp","href":"https:\/\/api.w.org\/{rel}","templated":true}]}}